{"id":19750,"date":"2022-02-22T11:26:52","date_gmt":"2022-02-22T11:26:52","guid":{"rendered":"https:\/\/hadath.ma\/alomrane\/?page_id=19750"},"modified":"2022-02-22T11:29:28","modified_gmt":"2022-02-22T11:29:28","slug":"notre-mission-2","status":"publish","type":"page","link":"https:\/\/hadath.ma\/alomrane\/notre-mission-2\/","title":{"rendered":"Notre Mission"},"content":{"rendered":"\t\t<div data-elementor-type=\"wp-page\" data-elementor-id=\"19750\" class=\"elementor elementor-19750\">\n\t\t\t\t\t\t\t\t\t<section class=\"elementor-section elementor-top-section elementor-element elementor-element-399ca05 elementor-section-boxed elementor-section-height-default elementor-section-height-default\" data-id=\"399ca05\" data-element_type=\"section\" data-settings=\"{&quot;background_background&quot;:&quot;classic&quot;}\">\n\t\t\t\t\t\t<div class=\"elementor-container elementor-column-gap-default\">\n\t\t\t\t\t<div class=\"elementor-column elementor-col-100 elementor-top-column elementor-element elementor-element-5248dfb\" data-id=\"5248dfb\" data-element_type=\"column\">\n\t\t\t<div class=\"elementor-widget-wrap elementor-element-populated\">\n\t\t\t\t\t\t\t\t<div class=\"elementor-element elementor-element-4671378 elementor-widget elementor-widget-text-editor\" data-id=\"4671378\" data-element_type=\"widget\" data-widget_type=\"text-editor.default\">\n\t\t\t\t<div class=\"elementor-widget-container\">\n\t\t\t<style>\/*! elementor - v3.6.6 - 08-06-2022 *\/\n.elementor-widget-text-editor.elementor-drop-cap-view-stacked .elementor-drop-cap{background-color:#818a91;color:#fff}.elementor-widget-text-editor.elementor-drop-cap-view-framed .elementor-drop-cap{color:#818a91;border:3px solid;background-color:transparent}.elementor-widget-text-editor:not(.elementor-drop-cap-view-default) .elementor-drop-cap{margin-top:8px}.elementor-widget-text-editor:not(.elementor-drop-cap-view-default) .elementor-drop-cap-letter{width:1em;height:1em}.elementor-widget-text-editor .elementor-drop-cap{float:left;text-align:center;line-height:1;font-size:50px}.elementor-widget-text-editor .elementor-drop-cap-letter{display:inline-block}<\/style>\t\t\t\t<div class=\"col-content fl\"><div class=\"wysiwyg\"><p align=\"justify\">La mission de la soci\u00e9t\u00e9 Al Omrane R\u00e9gion de l&rsquo;Oriental figure au premier rang, l\u2019am\u00e9nagement et le lotissement de terrains destin\u00e9s \u00e0 la promotion de l\u2019habitat social, la r\u00e9sorption des bidonvilles et de l\u2019habitat insalubre et le d\u00e9veloppement de la ma\u00eetrise d\u2019ouvrage urbaine et sociale. Elle se d\u00e9cline en m\u00e9tiers qui font appel, chaque jour, aux connaissances, \u00e0 l\u2019expertises et au professionnalisme de la soci\u00e9t\u00e9.<\/p><p align=\"justify\">Ces m\u00e9tiers s\u2019\u00e9tendent, \u00e0 travers les concepts d\u2019unit\u00e9, de globalit\u00e9 et de citoyennet\u00e9 \u00e0 la restructuration des quartiers d\u2019habitat non r\u00e9glementaire, la requalification des tissus urbains et la r\u00e9habilitation des tissus anciens. Ils constituent, dans leur exercice une cha\u00eene de valeurs forg\u00e9e dans les relations transversales de la soci\u00e9t\u00e9 avec ses partenaires. Conscient de son r\u00f4le social, Al Omrane R\u00e9gion de l&rsquo;Oriental\u00a0\u00a0place le d\u00e9veloppement humain et la pr\u00e9servation de la dignit\u00e9 humaine au centre de ses pr\u00e9occupations.\u00a0<\/p><p align=\"justify\"><u><strong>Nos valeurs :<\/strong><\/u><\/p><p align=\"justify\"><strong><u><em>&#8211; L&rsquo;int\u00e9grit\u00e9 :<\/em><\/u><\/strong><\/p><p align=\"justify\">Qui correspond \u00e0 la volont\u00e9 d&rsquo;\u00eatre en tout temps honn\u00eates et transparents dans nos relations d&rsquo;affaires, de continuer \u00e0 m\u00e9riter la reconnaissance de notre int\u00e9grit\u00e9 commerciale de la part de nos clients, de nos collaborateurs et de nos partenaires financiers, de reconna\u00eetre nos forces mais aussi nos limites .\u00a0<\/p><p align=\"justify\"><strong><u><em>Le respect des personnes et des milieux :<\/em><\/u><\/strong><\/p><p align=\"justify\">Qui correspond \u00e0 la volont\u00e9 de placer les relations avec les personnes au c\u0153ur de nos actions, de faire preuve d&#8217;empathie et d&rsquo;avoir confiance en la comp\u00e9tence des personnes, d&rsquo;offrir des services accessibles \u00e0 toutes les couches sociales , de mieux comprendre les milieux organisationnels et de penser aux cons\u00e9quences possibles de nos actions sur notre milieu.\u00a0<\/p><p align=\"justify\"><strong><em><u>La rigueur et le professionnalisme :<\/u><\/em><\/strong><\/p><p align=\"justify\">Qui correspond \u00e0 la volont\u00e9 de comprendre et de r\u00e9pondre aux vrais besoins des gens et des milieux organisationnels, d&rsquo;offrir des services qui r\u00e9pondent aux plus hauts standards de qualit\u00e9, d&rsquo;entra\u00eener des r\u00e9sultats tangibles \u00e0 court terme, tant pour les individus que pour leurs milieux, d&rsquo;\u00eatre au fait des connaissances les plus r\u00e9centes dans notre secteur d&rsquo;activit\u00e9.<\/p><\/div><\/div><aside class=\"col-aside col-aside-1 fr mt0\"><div class=\"block-leGroupe\">\u00a0<\/div><\/aside>\t\t\t\t\t\t<\/div>\n\t\t\t\t<\/div>\n\t\t\t\t\t<\/div>\n\t\t<\/div>\n\t\t\t\t\t\t\t<\/div>\n\t\t<\/section>\n\t\t\t\t\t\t\t<\/div>\n\t\t","protected":false},"excerpt":{"rendered":"<p>La mission de la soci\u00e9t\u00e9 Al Omrane R\u00e9gion de l&rsquo;Oriental figure au premier rang, l\u2019am\u00e9nagement et le lotissement de terrains destin\u00e9s \u00e0 la promotion de l\u2019habitat social, la r\u00e9sorption des bidonvilles et de l\u2019habitat insalubre et le d\u00e9veloppement de la ma\u00eetrise d\u2019ouvrage urbaine et sociale. Elle se d\u00e9cline en m\u00e9tiers qui font appel, chaque jour, aux connaissances, \u00e0 l\u2019expertises et au professionnalisme de la &#8230;<\/p>\n","protected":false},"author":1,"featured_media":0,"parent":0,"menu_order":0,"comment_status":"closed","ping_status":"closed","template":"","meta":{"footnotes":""},"class_list":["post-19750","page","type-page","status-publish","hentry"],"_links":{"self":[{"href":"https:\/\/hadath.ma\/alomrane\/wp-json\/wp\/v2\/pages\/19750","targetHints":{"allow":["GET"]}}],"collection":[{"href":"https:\/\/hadath.ma\/alomrane\/wp-json\/wp\/v2\/pages"}],"about":[{"href":"https:\/\/hadath.ma\/alomrane\/wp-json\/wp\/v2\/types\/page"}],"author":[{"embeddable":true,"href":"https:\/\/hadath.ma\/alomrane\/wp-json\/wp\/v2\/users\/1"}],"replies":[{"embeddable":true,"href":"https:\/\/hadath.ma\/alomrane\/wp-json\/wp\/v2\/comments?post=19750"}],"version-history":[{"count":7,"href":"https:\/\/hadath.ma\/alomrane\/wp-json\/wp\/v2\/pages\/19750\/revisions"}],"predecessor-version":[{"id":19760,"href":"https:\/\/hadath.ma\/alomrane\/wp-json\/wp\/v2\/pages\/19750\/revisions\/19760"}],"wp:attachment":[{"href":"https:\/\/hadath.ma\/alomrane\/wp-json\/wp\/v2\/media?parent=19750"}],"curies":[{"name":"wp","href":"https:\/\/api.w.org\/{rel}","templated":true}]}}