{"id":19718,"date":"2022-02-22T11:04:53","date_gmt":"2022-02-22T11:04:53","guid":{"rendered":"https:\/\/hadath.ma\/alomrane\/?page_id=19718"},"modified":"2022-02-22T11:24:23","modified_gmt":"2022-02-22T11:24:23","slug":"presentation-historique","status":"publish","type":"page","link":"https:\/\/hadath.ma\/alomrane\/presentation-historique\/","title":{"rendered":"Pr\u00e9sentation &#038; Historique"},"content":{"rendered":"\t\t<div data-elementor-type=\"wp-page\" data-elementor-id=\"19718\" class=\"elementor elementor-19718\">\n\t\t\t\t\t\t\t\t\t<section class=\"elementor-section elementor-top-section elementor-element elementor-element-9620a49 elementor-section-boxed elementor-section-height-default elementor-section-height-default\" data-id=\"9620a49\" data-element_type=\"section\" data-settings=\"{&quot;background_background&quot;:&quot;classic&quot;}\">\n\t\t\t\t\t\t<div class=\"elementor-container elementor-column-gap-default\">\n\t\t\t\t\t<div class=\"elementor-column elementor-col-100 elementor-top-column elementor-element elementor-element-ff4d785\" data-id=\"ff4d785\" data-element_type=\"column\">\n\t\t\t<div class=\"elementor-widget-wrap elementor-element-populated\">\n\t\t\t\t\t\t\t\t<div class=\"elementor-element elementor-element-7c470ee elementor-widget elementor-widget-text-editor\" data-id=\"7c470ee\" data-element_type=\"widget\" data-widget_type=\"text-editor.default\">\n\t\t\t\t<div class=\"elementor-widget-container\">\n\t\t\t<style>\/*! elementor - v3.6.6 - 08-06-2022 *\/\n.elementor-widget-text-editor.elementor-drop-cap-view-stacked .elementor-drop-cap{background-color:#818a91;color:#fff}.elementor-widget-text-editor.elementor-drop-cap-view-framed .elementor-drop-cap{color:#818a91;border:3px solid;background-color:transparent}.elementor-widget-text-editor:not(.elementor-drop-cap-view-default) .elementor-drop-cap{margin-top:8px}.elementor-widget-text-editor:not(.elementor-drop-cap-view-default) .elementor-drop-cap-letter{width:1em;height:1em}.elementor-widget-text-editor .elementor-drop-cap{float:left;text-align:center;line-height:1;font-size:50px}.elementor-widget-text-editor .elementor-drop-cap-letter{display:inline-block}<\/style>\t\t\t\t<p align=\"justify\">Soci\u00e9t\u00e9 Al Omrane R\u00e9gion de l&rsquo;Oriental est une filiale du Groupe Al Omrane dont la vocation est d\u2019occuper une place pr\u00e9pond\u00e9rante dans la production de l\u2019habitat dans la R\u00e9gion de l\u2019Oriental.<\/p><p align=\"justify\">Plac\u00e9e sous la tutelle du Minist\u00e8re de l\u2019Habitat et de l&rsquo;Urbanisme et de l&rsquo;Am\u00e9nagement de l&rsquo;espace,\u00a0Al Omrane R\u00e9gion de l&rsquo;Oriental\u00a0\u00a0s\u2019attache \u00e0 la satisfaction des besoins dans un cadre concurrentiel et dans le respect des politiques publiques d\u2019am\u00e9nagement d\u00e9cid\u00e9es par le gouvernement.<\/p><p align=\"justify\">Ainsi,\u00a0Al Omrane R\u00e9gion de l&rsquo;Oriental\u00a0a pu se consacrer au d\u00e9veloppement d\u2019un certain nombre de p\u00f4les urbains nouveaux, entit\u00e9s int\u00e9gr\u00e9es o\u00f9 l\u2019habitat (lots de terrain \u00e9quip\u00e9s, ensembles immobiliers de logements pour les diff\u00e9rents cr\u00e9neaux de march\u00e9) voisine avec les unit\u00e9s d\u2019activit\u00e9 (commerces, lots industriels) et les \u00e9quipements sociaux, \u00e9ducatifs et culturels.<\/p><p align=\"justify\">Par ailleurs,\u00a0Al Omrane R\u00e9gion de l&rsquo;Oriental\u00a0\u00a0a vu se diversifier ses milieux d\u2019intervention alors m\u00eame que la g\u00e9ographie r\u00e9gionale cr\u00e9ait d\u00e9j\u00e0 de grandes vari\u00e9t\u00e9s (espace m\u00e9diterran\u00e9en, zones pr\u00e9 sahariennes, massifs montagneux ou plaines irrigu\u00e9es).<\/p><p align=\"justify\">Par cette approche,\u00a0Al Omrane R\u00e9gion de l&rsquo;Oriental\u00a0\u00a0n\u2019a plus une comp\u00e9tence globale, mais une addition de savoir-faire de haut niveau sp\u00e9cialis\u00e9 par cible d\u2019intervention et coordonn\u00e9 par la Direction. Ainsi, tous sont associ\u00e9s \u00e0 \u00abl\u2019option qualit\u00e9 \u00bb d\u00e9finie et approfondie pour chaque cr\u00e9neau dans le but de satisfaire les destinataires finaux : c\u2019est une fonction strat\u00e9gique qui s\u2019impose \u00e9galement \u00e0 tous les fournisseurs et intervenants aux c\u00f4t\u00e9s de la soci\u00e9t\u00e9.<\/p><p align=\"justify\">Al Omrane R\u00e9gion de l&rsquo;Oriental\u00a0\u00a0refl\u00e8te aujourd\u2019hui la complexit\u00e9 de ses milieux d\u2019intervention. Il est bien arm\u00e9 pour affronter la concurrence et pour offrir un partenariat de qualit\u00e9 \u00e0 tous les organismes, \u00e0 toutes les institutions qui sollicitent ses savoir-faire.<\/p>\t\t\t\t\t\t<\/div>\n\t\t\t\t<\/div>\n\t\t\t\t<section class=\"elementor-section elementor-inner-section elementor-element elementor-element-313b7ce elementor-section-boxed elementor-section-height-default elementor-section-height-default\" data-id=\"313b7ce\" data-element_type=\"section\">\n\t\t\t\t\t\t<div class=\"elementor-container elementor-column-gap-default\">\n\t\t\t\t\t<div class=\"elementor-column elementor-col-50 elementor-inner-column elementor-element elementor-element-4269847\" data-id=\"4269847\" data-element_type=\"column\">\n\t\t\t<div class=\"elementor-widget-wrap elementor-element-populated\">\n\t\t\t\t\t\t\t\t<div class=\"elementor-element elementor-element-d4e2f5c elementor-widget elementor-widget-heading\" data-id=\"d4e2f5c\" data-element_type=\"widget\" data-widget_type=\"heading.default\">\n\t\t\t\t<div class=\"elementor-widget-container\">\n\t\t\t<style>\/*! elementor - v3.6.6 - 08-06-2022 *\/\n.elementor-heading-title{padding:0;margin:0;line-height:1}.elementor-widget-heading .elementor-heading-title[class*=elementor-size-]>a{color:inherit;font-size:inherit;line-height:inherit}.elementor-widget-heading .elementor-heading-title.elementor-size-small{font-size:15px}.elementor-widget-heading .elementor-heading-title.elementor-size-medium{font-size:19px}.elementor-widget-heading .elementor-heading-title.elementor-size-large{font-size:29px}.elementor-widget-heading .elementor-heading-title.elementor-size-xl{font-size:39px}.elementor-widget-heading .elementor-heading-title.elementor-size-xxl{font-size:59px}<\/style><h4 class=\"elementor-heading-title elementor-size-default\">D\u00e9coupage administratif<\/h4>\t\t<\/div>\n\t\t\t\t<\/div>\n\t\t\t\t<div class=\"elementor-element elementor-element-5328688 elementor-widget elementor-widget-image\" data-id=\"5328688\" data-element_type=\"widget\" data-widget_type=\"image.default\">\n\t\t\t\t<div class=\"elementor-widget-container\">\n\t\t\t<style>\/*! elementor - v3.6.6 - 08-06-2022 *\/\n.elementor-widget-image{text-align:center}.elementor-widget-image a{display:inline-block}.elementor-widget-image a img[src$=\".svg\"]{width:48px}.elementor-widget-image img{vertical-align:middle;display:inline-block}<\/style>\t\t\t\t\t\t\t\t\t\t\t\t<img loading=\"lazy\" decoding=\"async\" width=\"554\" height=\"558\" src=\"https:\/\/hadath.ma\/alomrane\/wp-content\/uploads\/2022\/02\/decoupe-orient.png\" class=\"attachment-large size-large\" alt=\"\" srcset=\"https:\/\/hadath.ma\/alomrane\/wp-content\/uploads\/2022\/02\/decoupe-orient.png 554w, https:\/\/hadath.ma\/alomrane\/wp-content\/uploads\/2022\/02\/decoupe-orient-298x300.png 298w, https:\/\/hadath.ma\/alomrane\/wp-content\/uploads\/2022\/02\/decoupe-orient-150x150.png 150w, https:\/\/hadath.ma\/alomrane\/wp-content\/uploads\/2022\/02\/decoupe-orient-120x120.png 120w, https:\/\/hadath.ma\/alomrane\/wp-content\/uploads\/2022\/02\/decoupe-orient-45x45.png 45w, https:\/\/hadath.ma\/alomrane\/wp-content\/uploads\/2022\/02\/decoupe-orient-36x36.png 36w\" sizes=\"auto, (max-width: 554px) 100vw, 554px\" \/>\t\t\t\t\t\t\t\t\t\t\t\t\t\t\t<\/div>\n\t\t\t\t<\/div>\n\t\t\t\t\t<\/div>\n\t\t<\/div>\n\t\t\t\t<div class=\"elementor-column elementor-col-50 elementor-inner-column elementor-element elementor-element-42b5146\" data-id=\"42b5146\" data-element_type=\"column\">\n\t\t\t<div class=\"elementor-widget-wrap elementor-element-populated\">\n\t\t\t\t\t\t\t\t<div class=\"elementor-element elementor-element-e0998fa elementor-widget elementor-widget-text-editor\" data-id=\"e0998fa\" data-element_type=\"widget\" data-widget_type=\"text-editor.default\">\n\t\t\t\t<div class=\"elementor-widget-container\">\n\t\t\t\t\t\t\t<p align=\"justify\">La R\u00e9gion de l&rsquo;Oriental, deuxi\u00e8me plus grande r\u00e9gion du Royaume de point de vue superficie.<br \/>La R\u00e9gion Orientale a \u00e9t\u00e9 cr\u00e9\u00e9e par le d\u00e9cret du 16 Juin 1971, puis de multiples modifications internes furent introduites cependant ses limites territoriales n\u2019ont pas \u00e9t\u00e9 modifi\u00e9es. La r\u00e9gion est r\u00e9gie actuellement par la loi N\u00b0 47-96 relative \u00e0 l\u2019organisation de la r\u00e9gion (Dahir n\u00b0 1-97-84 du 2 Avril 1997 et d\u00e9cret N\u00b02-97-246 du 17 Ao\u00fbt 1997) fixant le nombre des r\u00e9gions et leurs comp\u00e9tences territoriales.<\/p><p align=\"justify\">La R\u00e9gion Orientale est la deuxi\u00e8me plus grande r\u00e9gion du Royaume de point de vue superficie.<br \/>Elle s\u2019\u00e9tend sur une superficie de 82 820 km2 soit 11,6% de la superficie globale du pays .<\/p><ul><li>\u00a0<\/li><\/ul>\t\t\t\t\t\t<\/div>\n\t\t\t\t<\/div>\n\t\t\t\t\t<\/div>\n\t\t<\/div>\n\t\t\t\t\t\t\t<\/div>\n\t\t<\/section>\n\t\t\t\t<div class=\"elementor-element elementor-element-d88d85d elementor-icon-list--layout-traditional elementor-list-item-link-full_width elementor-widget elementor-widget-icon-list\" data-id=\"d88d85d\" data-element_type=\"widget\" data-widget_type=\"icon-list.default\">\n\t\t\t\t<div class=\"elementor-widget-container\">\n\t\t\t<link rel=\"stylesheet\" href=\"https:\/\/hadath.ma\/alomrane\/wp-content\/plugins\/elementor\/assets\/css\/widget-icon-list.min.css\">\t\t<ul class=\"elementor-icon-list-items\">\n\t\t\t\t\t\t\t<li class=\"elementor-icon-list-item\">\n\t\t\t\t\t\t\t\t\t\t\t<span class=\"elementor-icon-list-icon\">\n\t\t\t\t\t\t\t<i aria-hidden=\"true\" class=\"fas fa-dot-circle\"><\/i>\t\t\t\t\t\t<\/span>\n\t\t\t\t\t\t\t\t\t\t<span class=\"elementor-icon-list-text\">1 Pr\u00e9fecture (Oujda-Angad)<\/span>\n\t\t\t\t\t\t\t\t\t<\/li>\n\t\t\t\t\t\t\t\t<li class=\"elementor-icon-list-item\">\n\t\t\t\t\t\t\t\t\t\t\t<span class=\"elementor-icon-list-icon\">\n\t\t\t\t\t\t\t<i aria-hidden=\"true\" class=\"fas fa-dot-circle\"><\/i>\t\t\t\t\t\t<\/span>\n\t\t\t\t\t\t\t\t\t\t<span class=\"elementor-icon-list-text\">7 Provinces (Nador, Berkane, Taourirt, J\u00e9rada, Driouch, Figuig et Guercif)<\/span>\n\t\t\t\t\t\t\t\t\t<\/li>\n\t\t\t\t\t\t\t\t<li class=\"elementor-icon-list-item\">\n\t\t\t\t\t\t\t\t\t\t\t<span class=\"elementor-icon-list-icon\">\n\t\t\t\t\t\t\t<i aria-hidden=\"true\" class=\"fas fa-dot-circle\"><\/i>\t\t\t\t\t\t<\/span>\n\t\t\t\t\t\t\t\t\t\t<span class=\"elementor-icon-list-text\">22 Communes Urbaines<\/span>\n\t\t\t\t\t\t\t\t\t<\/li>\n\t\t\t\t\t\t\t\t<li class=\"elementor-icon-list-item\">\n\t\t\t\t\t\t\t\t\t\t\t<span class=\"elementor-icon-list-icon\">\n\t\t\t\t\t\t\t<i aria-hidden=\"true\" class=\"fas fa-dot-circle\"><\/i>\t\t\t\t\t\t<\/span>\n\t\t\t\t\t\t\t\t\t\t<span class=\"elementor-icon-list-text\">91 Communes Rurales.<\/span>\n\t\t\t\t\t\t\t\t\t<\/li>\n\t\t\t\t\t\t<\/ul>\n\t\t\t\t<\/div>\n\t\t\t\t<\/div>\n\t\t\t\t<div class=\"elementor-element elementor-element-75768d1 elementor-widget elementor-widget-text-editor\" data-id=\"75768d1\" data-element_type=\"widget\" data-widget_type=\"text-editor.default\">\n\t\t\t\t<div class=\"elementor-widget-container\">\n\t\t\t\t\t\t\t<p><strong>LOCALISATION<\/strong><\/p><p align=\"justify\">A l&rsquo;Est du Maroc, la R\u00e9gion de l&rsquo;Oriental s&rsquo;\u00e9tend sur 82 820 km2, soit 11,6% du territoire national. C&rsquo;est une R\u00e9gion triplement frontali\u00e8re avec :<\/p>\t\t\t\t\t\t<\/div>\n\t\t\t\t<\/div>\n\t\t\t\t<div class=\"elementor-element elementor-element-7a240f7 elementor-icon-list--layout-traditional elementor-list-item-link-full_width elementor-widget elementor-widget-icon-list\" data-id=\"7a240f7\" data-element_type=\"widget\" data-widget_type=\"icon-list.default\">\n\t\t\t\t<div class=\"elementor-widget-container\">\n\t\t\t\t\t<ul class=\"elementor-icon-list-items\">\n\t\t\t\t\t\t\t<li class=\"elementor-icon-list-item\">\n\t\t\t\t\t\t\t\t\t\t\t<span class=\"elementor-icon-list-icon\">\n\t\t\t\t\t\t\t<i aria-hidden=\"true\" class=\"fas fa-dot-circle\"><\/i>\t\t\t\t\t\t<\/span>\n\t\t\t\t\t\t\t\t\t\t<span class=\"elementor-icon-list-text\">l'Alg\u00e9rie \u00e0 l'Est, avec une fronti\u00e8re de 550 km depuis la station baln\u00e9aire de Sa\u00efdia, au Nord jusqu'\u00e0 Figuig au Sud ;<\/span>\n\t\t\t\t\t\t\t\t\t<\/li>\n\t\t\t\t\t\t\t\t<li class=\"elementor-icon-list-item\">\n\t\t\t\t\t\t\t\t\t\t\t<span class=\"elementor-icon-list-icon\">\n\t\t\t\t\t\t\t<i aria-hidden=\"true\" class=\"fas fa-dot-circle\"><\/i>\t\t\t\t\t\t<\/span>\n\t\t\t\t\t\t\t\t\t\t<span class=\"elementor-icon-list-text\">l'Espagne, par le fait de l'enclave occup\u00e9e de la ville de Melilla jouxtant la ville de Nador ;<\/span>\n\t\t\t\t\t\t\t\t\t<\/li>\n\t\t\t\t\t\t\t\t<li class=\"elementor-icon-list-item\">\n\t\t\t\t\t\t\t\t\t\t\t<span class=\"elementor-icon-list-icon\">\n\t\t\t\t\t\t\t<i aria-hidden=\"true\" class=\"fas fa-dot-circle\"><\/i>\t\t\t\t\t\t<\/span>\n\t\t\t\t\t\t\t\t\t\t<span class=\"elementor-icon-list-text\">les pays du Sud de l'Europe, avec une fa\u00e7ade maritime de 200 km sur la M\u00e9diterran\u00e9e.<\/span>\n\t\t\t\t\t\t\t\t\t<\/li>\n\t\t\t\t\t\t<\/ul>\n\t\t\t\t<\/div>\n\t\t\t\t<\/div>\n\t\t\t\t<div class=\"elementor-element elementor-element-57b5b5f elementor-widget elementor-widget-text-editor\" data-id=\"57b5b5f\" data-element_type=\"widget\" data-widget_type=\"text-editor.default\">\n\t\t\t\t<div class=\"elementor-widget-container\">\n\t\t\t\t\t\t\t<div class=\"col-content fl\"><div class=\"wysiwyg\"><p align=\"justify\">La R\u00e9gion rev\u00eat une importance strat\u00e9gique, autant par sa position g\u00e9ographique que pour son potentiel \u00e9conomique : elle constitue l&rsquo;interface incontournable pour conforter le Maroc dans sa position g\u00e9ostrat\u00e9gique de carrefour entre l&rsquo;Europe, le Grand Maghreb et le monde m\u00e9diterran\u00e9en.<\/p><p align=\"justify\">Historiquement, la R\u00e9gion s&rsquo;est d\u00e9velopp\u00e9e sur la base de sa situation g\u00e9ographique : elle a \u00e9t\u00e9 une zone de passage sur l&rsquo;axe principal du Maghreb mais aussi un carrefour vers le Sud (Figuig, Gouara, Touat) et surtout vers le Nord (Melilla-Nador vers l&rsquo;Europe). Il s&rsquo;agit maintenant de renforcer cette position g\u00e9ographique. En effet, \u00e9loign\u00e9e de Casablanca et Rabat, la R\u00e9gion est l&rsquo;espace marocain le plus proche de Valencia, Barcelone, Marseille et G\u00eanes, des p\u00f4les de croissance importants du bassin de la M\u00e9diterran\u00e9e Occidentale qui feront partie du m\u00eame ensemble \u00e9conomique d\u00e8s 2011, apr\u00e8s la mise en vigueur compl\u00e8te des accords d&rsquo;association avec l&rsquo;Union Europ\u00e9enne.<br \/>Par son \u00e9tendue au sein du territoire national, l&rsquo;Oriental offre une diversit\u00e9 exceptionnelle du biotope naturel.<br \/>Du point de vue physique et socio-\u00e9conomique, on peut diviser l&rsquo;Oriental en trois grands ensembles, du Nord au Sud.<\/p><p align=\"justify\">Le Rif oriental<\/p><p align=\"justify\">Sur la rive gauche de la Moulouya, sorte de mosa\u00efque o\u00f9 alternent plaines, cha\u00eenons et massifs parfois \u00e9lev\u00e9s (1 837 m pour le JbelMazgout) avec la ville de Nador comme principale agglom\u00e9ration urbaine qui constitue, \u00e0 la faveur de son port, de sa gare maritime et bient\u00f4t de sa gare ferroviaire, un p\u00f4le de transport et de commerce au vaste rayonnement.<\/p><p align=\"justify\">Le seuil oriental<\/p><p align=\"justify\">Au climat m\u00e9diterran\u00e9en semi-aride, ses unit\u00e9s de relief en bandes parall\u00e8les au littoral, prolong\u00e9s au-del\u00e0 de la fronti\u00e8re maroco-alg\u00e9rienne (plaine des Triffa, cha\u00eene des Beni Snassen et des Trara, plaine des Angads et celle de Maghnia, cha\u00eene des Horst et monts de Tlemcen), constituent un espace territorial \u00e0 la crois\u00e9e des grandes voies de communication r\u00e9gionales.<br \/>Ce vaste espace rec\u00e8le plusieurs agglom\u00e9rations urbaines, dont Oujda, chef-lieu de la R\u00e9gion avec plus de 400 000 habitants, et Berkane qui tend \u00e0 devenir un p\u00f4le multifonctionnel bas\u00e9 sur les m\u00e9tiers agricoles et agro-industriels.<br \/>Plus \u00e0 l&rsquo;Ouest, sur la rive gauche de l&rsquo;Oued Za, affluent de la Moulouya, \u00e0 la limite du seuil oriental, la ville de Taourirt, avec ses 80 000 habitants, est la porte d&rsquo;entr\u00e9e dans la R\u00e9gion sur les axes routiers Casablanca-F\u00e8s-Oujda et Casablanca-F\u00e8s-Nador.<\/p><p align=\"justify\">Le Sud<\/p><p align=\"justify\">Les hauts plateaux et terres steppiques, parfois \u00e0 plus de 2 000 m\u00e8tres d&rsquo;altitude (Jbel Bour, \u00e0 2 670 m, est le point culminant de la R\u00e9gion) sur 200 km de large, pr\u00e9sentent des paysages r\u00e9p\u00e9titifs mais d&rsquo;une grande beaut\u00e9 : une sorte de \u00abFar East\u00bb marocain.<br \/>Les deux principaux centres urbains sont ici Figuig et Bouarfa (respectivement 12 500 et 26 000 habitants). Cette partie de l&rsquo;Oriental est marqu\u00e9e par le rayonnement de l&rsquo;\u00e9conomie oasienne avec, notamment, l&rsquo;oasis de Figuig, agglom\u00e9ration \u00e9clat\u00e9e en sept Ksours.<\/p><\/div><\/div><aside class=\"col-aside col-aside-1 fr mt0\"><div class=\"block-leGroupe\">\u00a0<\/div><\/aside>\t\t\t\t\t\t<\/div>\n\t\t\t\t<\/div>\n\t\t\t\t\t<\/div>\n\t\t<\/div>\n\t\t\t\t\t\t\t<\/div>\n\t\t<\/section>\n\t\t\t\t\t\t\t<\/div>\n\t\t","protected":false},"excerpt":{"rendered":"<p>Soci\u00e9t\u00e9 Al Omrane R\u00e9gion de l&rsquo;Oriental est une filiale du Groupe Al Omrane dont la vocation est d\u2019occuper une place pr\u00e9pond\u00e9rante dans la production de l\u2019habitat dans la R\u00e9gion de l\u2019Oriental. Plac\u00e9e sous la tutelle du Minist\u00e8re de l\u2019Habitat et de l&rsquo;Urbanisme et de l&rsquo;Am\u00e9nagement de l&rsquo;espace,&nbsp;Al Omrane R\u00e9gion de l&rsquo;Oriental&nbsp;&nbsp;s\u2019attache \u00e0 la satisfaction des besoins dans un cadre concurrentiel et dans le respect &#8230;<\/p>\n","protected":false},"author":1,"featured_media":0,"parent":0,"menu_order":0,"comment_status":"closed","ping_status":"closed","template":"","meta":{"footnotes":""},"class_list":["post-19718","page","type-page","status-publish","hentry"],"_links":{"self":[{"href":"https:\/\/hadath.ma\/alomrane\/wp-json\/wp\/v2\/pages\/19718","targetHints":{"allow":["GET"]}}],"collection":[{"href":"https:\/\/hadath.ma\/alomrane\/wp-json\/wp\/v2\/pages"}],"about":[{"href":"https:\/\/hadath.ma\/alomrane\/wp-json\/wp\/v2\/types\/page"}],"author":[{"embeddable":true,"href":"https:\/\/hadath.ma\/alomrane\/wp-json\/wp\/v2\/users\/1"}],"replies":[{"embeddable":true,"href":"https:\/\/hadath.ma\/alomrane\/wp-json\/wp\/v2\/comments?post=19718"}],"version-history":[{"count":21,"href":"https:\/\/hadath.ma\/alomrane\/wp-json\/wp\/v2\/pages\/19718\/revisions"}],"predecessor-version":[{"id":19749,"href":"https:\/\/hadath.ma\/alomrane\/wp-json\/wp\/v2\/pages\/19718\/revisions\/19749"}],"wp:attachment":[{"href":"https:\/\/hadath.ma\/alomrane\/wp-json\/wp\/v2\/media?parent=19718"}],"curies":[{"name":"wp","href":"https:\/\/api.w.org\/{rel}","templated":true}]}}