{"id":19696,"date":"2022-02-22T10:55:24","date_gmt":"2022-02-22T10:55:24","guid":{"rendered":"https:\/\/hadath.ma\/alomrane\/?page_id=19696"},"modified":"2022-02-22T11:04:00","modified_gmt":"2022-02-22T11:04:00","slug":"mot-du-directeur-general","status":"publish","type":"page","link":"https:\/\/hadath.ma\/alomrane\/mot-du-directeur-general\/","title":{"rendered":"Mot du Directeur G\u00e9n\u00e9ral"},"content":{"rendered":"\t\t<div data-elementor-type=\"wp-page\" data-elementor-id=\"19696\" class=\"elementor elementor-19696\">\n\t\t\t\t\t\t\t\t\t<section class=\"elementor-section elementor-top-section elementor-element elementor-element-43f3beb elementor-section-boxed elementor-section-height-default elementor-section-height-default\" data-id=\"43f3beb\" data-element_type=\"section\" data-settings=\"{&quot;background_background&quot;:&quot;classic&quot;}\">\n\t\t\t\t\t\t<div class=\"elementor-container elementor-column-gap-default\">\n\t\t\t\t\t<div class=\"elementor-column elementor-col-100 elementor-top-column elementor-element elementor-element-03f5ca3\" data-id=\"03f5ca3\" data-element_type=\"column\">\n\t\t\t<div class=\"elementor-widget-wrap elementor-element-populated\">\n\t\t\t\t\t\t\t\t<div class=\"elementor-element elementor-element-86df3ee elementor-widget elementor-widget-text-editor\" data-id=\"86df3ee\" data-element_type=\"widget\" data-widget_type=\"text-editor.default\">\n\t\t\t\t<div class=\"elementor-widget-container\">\n\t\t\t<style>\/*! elementor - v3.6.6 - 08-06-2022 *\/\n.elementor-widget-text-editor.elementor-drop-cap-view-stacked .elementor-drop-cap{background-color:#818a91;color:#fff}.elementor-widget-text-editor.elementor-drop-cap-view-framed .elementor-drop-cap{color:#818a91;border:3px solid;background-color:transparent}.elementor-widget-text-editor:not(.elementor-drop-cap-view-default) .elementor-drop-cap{margin-top:8px}.elementor-widget-text-editor:not(.elementor-drop-cap-view-default) .elementor-drop-cap-letter{width:1em;height:1em}.elementor-widget-text-editor .elementor-drop-cap{float:left;text-align:center;line-height:1;font-size:50px}.elementor-widget-text-editor .elementor-drop-cap-letter{display:inline-block}<\/style>\t\t\t\t<p align=\"justify\">La Soci\u00e9t\u00e9 al omrane R\u00e9gion de l&rsquo;Oriental, Soci\u00e9t\u00e9 Filiale du Groupe Al Omrane, a \u00e9t\u00e9 cr\u00e9\u00e9e en 2007 apr\u00e8s la fusion\u00a0 des anciens op\u00e9rateurs publics du secteur de l\u2019habitat, cette cr\u00e9ation s\u2019est inscrite dans le cadre de la politique du Groupe visant \u00e0 promouvoir\u00a0 dans son\u00a0 organisation et dans son action l\u2019approche R\u00e9gionale et une gestion de proximit\u00e9 dans la conception et la mise en \u0153uvre des programmes.<\/p><p align=\"justify\">En plus de la gestion,\u00a0\u00a0 l\u2019ach\u00e8vement, et l\u2019assainissement des op\u00e9rations h\u00e9rit\u00e9es, la Soci\u00e9t\u00e9 a pris\u00a0 de nouveaux engagements dans le cadre de la mise en \u0153uvre des programmes publics d\u2019habitat faisant l\u2019objet des orientations Royales et Gouvernementales. Il s\u2019agit notamment des:<\/p>\t\t\t\t\t\t<\/div>\n\t\t\t\t<\/div>\n\t\t\t\t<div class=\"elementor-element elementor-element-954f993 elementor-icon-list--layout-traditional elementor-list-item-link-full_width elementor-widget elementor-widget-icon-list\" data-id=\"954f993\" data-element_type=\"widget\" data-widget_type=\"icon-list.default\">\n\t\t\t\t<div class=\"elementor-widget-container\">\n\t\t\t<link rel=\"stylesheet\" href=\"https:\/\/hadath.ma\/alomrane\/wp-content\/plugins\/elementor\/assets\/css\/widget-icon-list.min.css\">\t\t<ul class=\"elementor-icon-list-items\">\n\t\t\t\t\t\t\t<li class=\"elementor-icon-list-item\">\n\t\t\t\t\t\t\t\t\t\t\t<span class=\"elementor-icon-list-icon\">\n\t\t\t\t\t\t\t<i aria-hidden=\"true\" class=\"fas fa-dot-circle\"><\/i>\t\t\t\t\t\t<\/span>\n\t\t\t\t\t\t\t\t\t\t<span class=\"elementor-icon-list-text\">Programmes \u00ab Villes Sans Bidonvilles \u00bb<\/span>\n\t\t\t\t\t\t\t\t\t<\/li>\n\t\t\t\t\t\t\t\t<li class=\"elementor-icon-list-item\">\n\t\t\t\t\t\t\t\t\t\t\t<span class=\"elementor-icon-list-icon\">\n\t\t\t\t\t\t\t<i aria-hidden=\"true\" class=\"fas fa-dot-circle\"><\/i>\t\t\t\t\t\t<\/span>\n\t\t\t\t\t\t\t\t\t\t<span class=\"elementor-icon-list-text\">Programmes de mise \u00e0 niveau urbaine (QHSE et HMR)<\/span>\n\t\t\t\t\t\t\t\t\t<\/li>\n\t\t\t\t\t\t\t\t<li class=\"elementor-icon-list-item\">\n\t\t\t\t\t\t\t\t\t\t\t<span class=\"elementor-icon-list-icon\">\n\t\t\t\t\t\t\t<i aria-hidden=\"true\" class=\"fas fa-dot-circle\"><\/i>\t\t\t\t\t\t<\/span>\n\t\t\t\t\t\t\t\t\t\t<span class=\"elementor-icon-list-text\">Programmes de logements de faible co\u00fbt (FVIT \u00e0 140.000 DH)<\/span>\n\t\t\t\t\t\t\t\t\t<\/li>\n\t\t\t\t\t\t\t\t<li class=\"elementor-icon-list-item\">\n\t\t\t\t\t\t\t\t\t\t\t<span class=\"elementor-icon-list-icon\">\n\t\t\t\t\t\t\t<i aria-hidden=\"true\" class=\"fas fa-dot-circle\"><\/i>\t\t\t\t\t\t<\/span>\n\t\t\t\t\t\t\t\t\t\t<span class=\"elementor-icon-list-text\">Programmes de logements sociaux \u00e0 250.000 DH<\/span>\n\t\t\t\t\t\t\t\t\t<\/li>\n\t\t\t\t\t\t\t\t<li class=\"elementor-icon-list-item\">\n\t\t\t\t\t\t\t\t\t\t\t<span class=\"elementor-icon-list-icon\">\n\t\t\t\t\t\t\t<i aria-hidden=\"true\" class=\"fas fa-dot-circle\"><\/i>\t\t\t\t\t\t<\/span>\n\t\t\t\t\t\t\t\t\t\t<span class=\"elementor-icon-list-text\">Programmes de Villa \u00c9conomique<\/span>\n\t\t\t\t\t\t\t\t\t<\/li>\n\t\t\t\t\t\t\t\t<li class=\"elementor-icon-list-item\">\n\t\t\t\t\t\t\t\t\t\t\t<span class=\"elementor-icon-list-icon\">\n\t\t\t\t\t\t\t<i aria-hidden=\"true\" class=\"fas fa-dot-circle\"><\/i>\t\t\t\t\t\t<\/span>\n\t\t\t\t\t\t\t\t\t\t<span class=\"elementor-icon-list-text\">Programme d\u2019habitat pour les couches moyennes (lotissements d\u2019habitat int\u00e9gr\u00e9s)<\/span>\n\t\t\t\t\t\t\t\t\t<\/li>\n\t\t\t\t\t\t<\/ul>\n\t\t\t\t<\/div>\n\t\t\t\t<\/div>\n\t\t\t\t<div class=\"elementor-element elementor-element-8ab1d19 elementor-widget elementor-widget-text-editor\" data-id=\"8ab1d19\" data-element_type=\"widget\" data-widget_type=\"text-editor.default\">\n\t\t\t\t<div class=\"elementor-widget-container\">\n\t\t\t\t\t\t\t<p align=\"justify\">Gr\u00e2ce aux efforts d\u00e9ploy\u00e9s par la Soci\u00e9t\u00e9 pour contribuer de mani\u00e8re plus cons\u00e9quente \u00e0 la mise sur le march\u00e9 des produits de qualit\u00e9 reconnu par tous ; elle a particip\u00e9 ,entre autres ,\u00e0 la modernisation des villes et au renforcement\u00a0\u00a0 des actions de production d\u2019unit\u00e9s d\u2019habitat dans la perspective de jouer un\u00a0 r\u00f4le de premier plan dans la r\u00e9gulation du march\u00e9 immobilier dans la R\u00e9gion de l\u2019Oriental.<\/p><p align=\"justify\">La soci\u00e9t\u00e9\u00a0al omrane R\u00e9gion de l&rsquo;Oriental constitue aujourd\u2019hui l\u2019un des principaux op\u00e9rateurs sinon\u00a0 le premier en mati\u00e8re d\u2019habitat et de promotion immobili\u00e8re dans la R\u00e9gion, elle est \u00e9galement le premier partenaire des collectivit\u00e9s territoriale. Consciente que le D\u00e9veloppement du Maroc d\u2019aujourd\u2019hui et de demain se fera dans les R\u00e9gions et c\u2019est dans les territoires \u00e0 leur diff\u00e9rentes \u00e9chelles que les actions de la soci\u00e9t\u00e9 doivent trouver leur\u00a0 efficience. C\u2019est pour cela d\u2019ailleurs que la Soci\u00e9t\u00e9 a proc\u00e9d\u00e9, suite aux orientations du Pr\u00e9sident du Groupe , \u00e0 la signature d\u2019une convention cadre avec le Conseil R\u00e9gional de l\u2019Oriental.<br \/>Cette convention a donn\u00e9 naissance \u00e0 un programme ambitieux suivant un planning projet\u00e9 sur la p\u00e9riode 2016\/2020 couvrant toute les collectivit\u00e9s territoriales de la R\u00e9gion avec un investissement global de 1.200 MDH.<br \/>Cette action et d\u2019autres confirment, encore une fois, la\u00a0 position de la Soci\u00e9t\u00e9\u00a0al omrane R\u00e9gion de l&rsquo;Oriental entant qu\u2019op\u00e9rateur incontournable\u00a0 en charge de la r\u00e9alisation des programmes publics et de l\u2019am\u00e9lioration des conditions\u00a0 d\u2019habitat des m\u00e9nages \u00e0 revenus faibles et limit\u00e9s. Elle participe par l\u00e0 au renforcement de\u00a0 l\u2019attractivit\u00e9 du territoire r\u00e9gional et \u00e0 sa comp\u00e9titivit\u00e9 permettant ainsi de drainer d\u2019autres investissements et m\u00eame d\u2019assurer un d\u00e9veloppement \u00e9conomique et social r\u00e9gional\u00a0 int\u00e9gr\u00e9 et durable.<\/p><div class=\"col-content fl\"><div class=\"wysiwyg\"><p><strong>Monsieur Zakaria LAZREQ<\/strong><\/p><p><strong>Directeur G\u00e9n\u00e9ral de la soci\u00e9t\u00e9 al omrane R\u00e9gion de l&rsquo;Oriental<\/strong><\/p><\/div><\/div><aside class=\"col-aside col-aside-1 fr mt0\"><div class=\"block-leGroupe\">\u00a0<\/div><\/aside>\t\t\t\t\t\t<\/div>\n\t\t\t\t<\/div>\n\t\t\t\t\t<\/div>\n\t\t<\/div>\n\t\t\t\t\t\t\t<\/div>\n\t\t<\/section>\n\t\t\t\t\t\t\t<\/div>\n\t\t","protected":false},"excerpt":{"rendered":"<p>La Soci\u00e9t\u00e9 al omrane R\u00e9gion de l&rsquo;Oriental, Soci\u00e9t\u00e9 Filiale du Groupe Al Omrane, a \u00e9t\u00e9 cr\u00e9\u00e9e en 2007 apr\u00e8s la fusion&nbsp; des anciens op\u00e9rateurs publics du secteur de l\u2019habitat, cette cr\u00e9ation s\u2019est inscrite dans le cadre de la politique du Groupe visant \u00e0 promouvoir&nbsp; dans son&nbsp; organisation et dans son action l\u2019approche R\u00e9gionale et une gestion de proximit\u00e9 dans la conception et la mise &#8230;<\/p>\n","protected":false},"author":1,"featured_media":0,"parent":0,"menu_order":0,"comment_status":"closed","ping_status":"closed","template":"","meta":{"footnotes":""},"class_list":["post-19696","page","type-page","status-publish","hentry"],"_links":{"self":[{"href":"https:\/\/hadath.ma\/alomrane\/wp-json\/wp\/v2\/pages\/19696","targetHints":{"allow":["GET"]}}],"collection":[{"href":"https:\/\/hadath.ma\/alomrane\/wp-json\/wp\/v2\/pages"}],"about":[{"href":"https:\/\/hadath.ma\/alomrane\/wp-json\/wp\/v2\/types\/page"}],"author":[{"embeddable":true,"href":"https:\/\/hadath.ma\/alomrane\/wp-json\/wp\/v2\/users\/1"}],"replies":[{"embeddable":true,"href":"https:\/\/hadath.ma\/alomrane\/wp-json\/wp\/v2\/comments?post=19696"}],"version-history":[{"count":15,"href":"https:\/\/hadath.ma\/alomrane\/wp-json\/wp\/v2\/pages\/19696\/revisions"}],"predecessor-version":[{"id":19716,"href":"https:\/\/hadath.ma\/alomrane\/wp-json\/wp\/v2\/pages\/19696\/revisions\/19716"}],"wp:attachment":[{"href":"https:\/\/hadath.ma\/alomrane\/wp-json\/wp\/v2\/media?parent=19696"}],"curies":[{"name":"wp","href":"https:\/\/api.w.org\/{rel}","templated":true}]}}