{"id":19646,"date":"2022-02-20T13:08:59","date_gmt":"2022-02-20T13:08:59","guid":{"rendered":"https:\/\/hadath.ma\/alomrane\/?page_id=19646"},"modified":"2022-02-22T10:51:13","modified_gmt":"2022-02-22T10:51:13","slug":"al-omrane-region-de-loriental-2","status":"publish","type":"page","link":"https:\/\/hadath.ma\/alomrane\/al-omrane-region-de-loriental-2\/","title":{"rendered":"Al Omrane R\u00e9gion de L&rsquo;Oriental"},"content":{"rendered":"\t\t<div data-elementor-type=\"wp-page\" data-elementor-id=\"19646\" class=\"elementor elementor-19646\">\n\t\t\t\t\t\t\t\t\t<section class=\"elementor-section elementor-top-section elementor-element elementor-element-f96a9a1 elementor-section-boxed elementor-section-height-default elementor-section-height-default\" data-id=\"f96a9a1\" data-element_type=\"section\">\n\t\t\t\t\t\t<div class=\"elementor-container elementor-column-gap-default\">\n\t\t\t\t\t<div class=\"elementor-column elementor-col-100 elementor-top-column elementor-element elementor-element-df8e350\" data-id=\"df8e350\" data-element_type=\"column\">\n\t\t\t<div class=\"elementor-widget-wrap elementor-element-populated\">\n\t\t\t\t\t\t\t\t<div class=\"elementor-element elementor-element-6dcaf9a elementor-widget elementor-widget-text-editor\" data-id=\"6dcaf9a\" data-element_type=\"widget\" data-widget_type=\"text-editor.default\">\n\t\t\t\t<div class=\"elementor-widget-container\">\n\t\t\t<style>\/*! elementor - v3.6.6 - 08-06-2022 *\/\n.elementor-widget-text-editor.elementor-drop-cap-view-stacked .elementor-drop-cap{background-color:#818a91;color:#fff}.elementor-widget-text-editor.elementor-drop-cap-view-framed .elementor-drop-cap{color:#818a91;border:3px solid;background-color:transparent}.elementor-widget-text-editor:not(.elementor-drop-cap-view-default) .elementor-drop-cap{margin-top:8px}.elementor-widget-text-editor:not(.elementor-drop-cap-view-default) .elementor-drop-cap-letter{width:1em;height:1em}.elementor-widget-text-editor .elementor-drop-cap{float:left;text-align:center;line-height:1;font-size:50px}.elementor-widget-text-editor .elementor-drop-cap-letter{display:inline-block}<\/style>\t\t\t\t<div class=\"block-classp\"><p align=\"justify\">Cr\u00e9e en Mai 2007 Et comporte aujourd\u2019hui plus que 80 Collaborateurs, d\u2019un taux d\u2019encadrement d\u00e9passant les 60%, la Soci\u00e9t\u00e9 Al Omrane R\u00e9gion de l&rsquo;Oriental est une filiale du groupe ALOMRANE dont la vocation est d\u2019occuper une place pr\u00e9pond\u00e9rante dans la production de l\u2019habitat dans la R\u00e9gion de l\u2019Oriental. Al Omrane R\u00e9gion de l&rsquo;Oriental\u00a0s\u2019attache \u00e0 la satisfaction des besoins dans un cadre concurrentiel et dans le respect des politiques publiques d\u2019am\u00e9nagement d\u00e9cid\u00e9es par le gouvernement. Ainsi, Al Omrane R\u00e9gion de l&rsquo;Oriental\u00a0a pu se consacrer au d\u00e9veloppement d\u2019un certain nombre de p\u00f4les urbains nouveaux, entit\u00e9s int\u00e9gr\u00e9es o\u00f9 l\u2019habitat (lots de terrain \u00e9quip\u00e9s, ensembles immobiliers de logements pour les diff\u00e9rents cr\u00e9neaux de march\u00e9) voisine avec les unit\u00e9s d\u2019activit\u00e9 (commerces, lots industriels) et les \u00e9quipements sociaux, \u00e9ducatifs et culturels.<\/p><p align=\"justify\">Par ailleurs, Al Omrane R\u00e9gion de l&rsquo;Oriental\u00a0a vu se diversifier ses milieux d\u2019intervention alors m\u00eame que la g\u00e9ographie r\u00e9gionale cr\u00e9ait d\u00e9j\u00e0 de grandes vari\u00e9t\u00e9s (espace m\u00e9diterran\u00e9en, zones pr\u00e9 sahariennes, massifs montagneux ou plaines irrigu\u00e9es). Par cette approche, Al Omrane R\u00e9gion de l&rsquo;Oriental\u00a0n\u2019a plus une comp\u00e9tence globale, mais une addition de savoir-faire de haut niveau sp\u00e9cialis\u00e9 par cible d\u2019intervention et coordonn\u00e9 par la Direction. Ainsi, tous sont associ\u00e9s \u00e0 \u00abl\u2019option qualit\u00e9 \u00bb d\u00e9finie et approfondie pour chaque cr\u00e9neau dans le but de satisfaire les destinataires finaux : c\u2019est une fonction strat\u00e9gique qui s\u2019impose \u00e9galement \u00e0 tous les fournisseurs et intervenants aux c\u00f4t\u00e9s de la soci\u00e9t\u00e9.<\/p><p align=\"justify\">Al Omrane R\u00e9gion de l&rsquo;Oriental\u00a0refl\u00e8te aujourd\u2019hui la complexit\u00e9 de ses milieux d\u2019intervention. Il est bien arm\u00e9 pour affronter la concurrence et pour offrir un partenariat de qualit\u00e9 \u00e0 tous les organismes, \u00e0 toutes les institutions qui sollicitent ses savoir-faire.<\/p><\/div><div class=\"clearfix\"><div class=\"block-new-news block-new-news-second fl\">\u00a0<\/div><\/div>\t\t\t\t\t\t<\/div>\n\t\t\t\t<\/div>\n\t\t\t\t\t<\/div>\n\t\t<\/div>\n\t\t\t\t\t\t\t<\/div>\n\t\t<\/section>\n\t\t\t\t<section class=\"elementor-section elementor-top-section elementor-element elementor-element-40fdaa0 elementor-section-boxed elementor-section-height-default elementor-section-height-default\" data-id=\"40fdaa0\" data-element_type=\"section\">\n\t\t\t\t\t\t<div class=\"elementor-container elementor-column-gap-default\">\n\t\t\t\t\t<div class=\"elementor-column elementor-col-33 elementor-top-column elementor-element elementor-element-8b4af25\" data-id=\"8b4af25\" data-element_type=\"column\">\n\t\t\t<div class=\"elementor-widget-wrap elementor-element-populated\">\n\t\t\t\t\t\t\t\t<div class=\"elementor-element elementor-element-95ef53e elementor-widget elementor-widget-image\" data-id=\"95ef53e\" data-element_type=\"widget\" data-widget_type=\"image.default\">\n\t\t\t\t<div class=\"elementor-widget-container\">\n\t\t\t<style>\/*! elementor - v3.6.6 - 08-06-2022 *\/\n.elementor-widget-image{text-align:center}.elementor-widget-image a{display:inline-block}.elementor-widget-image a img[src$=\".svg\"]{width:48px}.elementor-widget-image img{vertical-align:middle;display:inline-block}<\/style>\t\t\t\t\t\t\t\t\t\t\t\t<img loading=\"lazy\" decoding=\"async\" width=\"493\" height=\"560\" src=\"https:\/\/hadath.ma\/alomrane\/wp-content\/uploads\/2022\/02\/omrane.png\" class=\"attachment-large size-large\" alt=\"\" srcset=\"https:\/\/hadath.ma\/alomrane\/wp-content\/uploads\/2022\/02\/omrane.png 493w, https:\/\/hadath.ma\/alomrane\/wp-content\/uploads\/2022\/02\/omrane-264x300.png 264w\" sizes=\"auto, (max-width: 493px) 100vw, 493px\" \/>\t\t\t\t\t\t\t\t\t\t\t\t\t\t\t<\/div>\n\t\t\t\t<\/div>\n\t\t\t\t\t<\/div>\n\t\t<\/div>\n\t\t\t\t<div class=\"elementor-column elementor-col-33 elementor-top-column elementor-element elementor-element-0389e99\" data-id=\"0389e99\" data-element_type=\"column\" data-settings=\"{&quot;background_background&quot;:&quot;classic&quot;}\">\n\t\t\t<div class=\"elementor-widget-wrap elementor-element-populated\">\n\t\t\t\t\t\t\t\t<div class=\"elementor-element elementor-element-6d9ffec elementor-widget elementor-widget-heading\" data-id=\"6d9ffec\" data-element_type=\"widget\" data-widget_type=\"heading.default\">\n\t\t\t\t<div class=\"elementor-widget-container\">\n\t\t\t<style>\/*! elementor - v3.6.6 - 08-06-2022 *\/\n.elementor-heading-title{padding:0;margin:0;line-height:1}.elementor-widget-heading .elementor-heading-title[class*=elementor-size-]>a{color:inherit;font-size:inherit;line-height:inherit}.elementor-widget-heading .elementor-heading-title.elementor-size-small{font-size:15px}.elementor-widget-heading .elementor-heading-title.elementor-size-medium{font-size:19px}.elementor-widget-heading .elementor-heading-title.elementor-size-large{font-size:29px}.elementor-widget-heading .elementor-heading-title.elementor-size-xl{font-size:39px}.elementor-widget-heading .elementor-heading-title.elementor-size-xxl{font-size:59px}<\/style><h3 class=\"elementor-heading-title elementor-size-default\">Al Omrane \u00c0 Votre \u00c9coute\n<\/h3>\t\t<\/div>\n\t\t\t\t<\/div>\n\t\t\t\t<div class=\"elementor-element elementor-element-7406d31 elementor-widget elementor-widget-text-editor\" data-id=\"7406d31\" data-element_type=\"widget\" data-widget_type=\"text-editor.default\">\n\t\t\t\t<div class=\"elementor-widget-container\">\n\t\t\t\t\t\t\t<div class=\"contact-title\" style=\"text-align: center;\"><span style=\"font-size: 14pt; color: #ffffff;\">Pour toute autre demande, vous pouvez aussi nous contacter au<\/span><\/div><div style=\"text-align: center;\"><span style=\"color: #ffffff;\"><strong><span style=\"font-size: 14pt;\">080 100 15 16\u00a0<\/span><\/strong><\/span><\/div><div style=\"text-align: center;\"><span style=\"color: #ffffff;\">De 9h00 \u00e0 19h00 \u2013 7j\/7<\/span><\/div><div style=\"text-align: center;\"><span class=\"info\" style=\"font-size: 10pt; color: #ffffff;\">(prix d\u2019une communication locale)<\/span><\/div>\t\t\t\t\t\t<\/div>\n\t\t\t\t<\/div>\n\t\t\t\t\t<\/div>\n\t\t<\/div>\n\t\t\t\t<div class=\"elementor-column elementor-col-33 elementor-top-column elementor-element elementor-element-d17a42b\" data-id=\"d17a42b\" data-element_type=\"column\">\n\t\t\t<div class=\"elementor-widget-wrap elementor-element-populated\">\n\t\t\t\t\t\t\t\t<div class=\"elementor-element elementor-element-d81b19a elementor-widget elementor-widget-heading\" data-id=\"d81b19a\" data-element_type=\"widget\" data-widget_type=\"heading.default\">\n\t\t\t\t<div class=\"elementor-widget-container\">\n\t\t\t<h5 class=\"elementor-heading-title elementor-size-default\">R\u00e9gion de l'Oriental<\/h5>\t\t<\/div>\n\t\t\t\t<\/div>\n\t\t\t\t<div class=\"elementor-element elementor-element-9bba6a2 elementor-widget elementor-widget-image\" data-id=\"9bba6a2\" data-element_type=\"widget\" data-widget_type=\"image.default\">\n\t\t\t\t<div class=\"elementor-widget-container\">\n\t\t\t\t\t\t\t\t\t\t\t\t\t\t\t<img loading=\"lazy\" decoding=\"async\" width=\"978\" height=\"1024\" src=\"https:\/\/hadath.ma\/alomrane\/wp-content\/uploads\/2022\/02\/Al-Omrane-Region-de-lOriental-978x1024.png\" class=\"attachment-large size-large\" alt=\"\" srcset=\"https:\/\/hadath.ma\/alomrane\/wp-content\/uploads\/2022\/02\/Al-Omrane-Region-de-lOriental-978x1024.png 978w, https:\/\/hadath.ma\/alomrane\/wp-content\/uploads\/2022\/02\/Al-Omrane-Region-de-lOriental-287x300.png 287w, https:\/\/hadath.ma\/alomrane\/wp-content\/uploads\/2022\/02\/Al-Omrane-Region-de-lOriental-768x804.png 768w, https:\/\/hadath.ma\/alomrane\/wp-content\/uploads\/2022\/02\/Al-Omrane-Region-de-lOriental.png 1200w\" sizes=\"auto, (max-width: 978px) 100vw, 978px\" \/>\t\t\t\t\t\t\t\t\t\t\t\t\t\t\t<\/div>\n\t\t\t\t<\/div>\n\t\t\t\t<div class=\"elementor-element elementor-element-c0fc2c8 elementor-widget elementor-widget-text-editor\" data-id=\"c0fc2c8\" data-element_type=\"widget\" data-widget_type=\"text-editor.default\">\n\t\t\t\t<div class=\"elementor-widget-container\">\n\t\t\t\t\t\t\t<div class=\"clearfix\"><div class=\"block-region fr\"><p><em><span style=\"font-size: 8pt;\">La R\u00e9gion de l&rsquo;Oriental est une des 12 r\u00e9gions marocaines mises en place suite \u00e0 la r\u00e9forme territoriale. En plus de sa pr\u00e9fecture Oujda Angad, elle compte 7 provinces : Berkane, Nador, Driouch, Guercif, Taourirt, Jerada, Figuig.<\/span><\/em><\/p><\/div><\/div>\t\t\t\t\t\t<\/div>\n\t\t\t\t<\/div>\n\t\t\t\t\t<\/div>\n\t\t<\/div>\n\t\t\t\t\t\t\t<\/div>\n\t\t<\/section>\n\t\t\t\t\t\t\t<\/div>\n\t\t","protected":false},"excerpt":{"rendered":"<p>Cr\u00e9e en Mai 2007 Et comporte aujourd\u2019hui plus que 80 Collaborateurs, d\u2019un taux d\u2019encadrement d\u00e9passant les 60%, la Soci\u00e9t\u00e9 Al Omrane R\u00e9gion de l&rsquo;Oriental est une filiale du groupe ALOMRANE dont la vocation est d\u2019occuper une place pr\u00e9pond\u00e9rante dans la production de l\u2019habitat dans la R\u00e9gion de l\u2019Oriental. Al Omrane R\u00e9gion de l&rsquo;Oriental\u00a0s\u2019attache \u00e0 la satisfaction des besoins dans un cadre concurrentiel et dans &#8230;<\/p>\n","protected":false},"author":1,"featured_media":0,"parent":0,"menu_order":0,"comment_status":"closed","ping_status":"closed","template":"","meta":{"footnotes":""},"class_list":["post-19646","page","type-page","status-publish","hentry"],"_links":{"self":[{"href":"https:\/\/hadath.ma\/alomrane\/wp-json\/wp\/v2\/pages\/19646","targetHints":{"allow":["GET"]}}],"collection":[{"href":"https:\/\/hadath.ma\/alomrane\/wp-json\/wp\/v2\/pages"}],"about":[{"href":"https:\/\/hadath.ma\/alomrane\/wp-json\/wp\/v2\/types\/page"}],"author":[{"embeddable":true,"href":"https:\/\/hadath.ma\/alomrane\/wp-json\/wp\/v2\/users\/1"}],"replies":[{"embeddable":true,"href":"https:\/\/hadath.ma\/alomrane\/wp-json\/wp\/v2\/comments?post=19646"}],"version-history":[{"count":41,"href":"https:\/\/hadath.ma\/alomrane\/wp-json\/wp\/v2\/pages\/19646\/revisions"}],"predecessor-version":[{"id":19694,"href":"https:\/\/hadath.ma\/alomrane\/wp-json\/wp\/v2\/pages\/19646\/revisions\/19694"}],"wp:attachment":[{"href":"https:\/\/hadath.ma\/alomrane\/wp-json\/wp\/v2\/media?parent=19646"}],"curies":[{"name":"wp","href":"https:\/\/api.w.org\/{rel}","templated":true}]}}